{"id":713,"date":"2021-02-01T17:33:32","date_gmt":"2021-02-01T16:33:32","guid":{"rendered":"https:\/\/voltage-it.com\/blog\/"},"modified":"2021-04-13T17:25:15","modified_gmt":"2021-04-13T16:25:15","slug":"blog","status":"publish","type":"page","link":"https:\/\/voltage-it.com\/en\/blog\/","title":{"rendered":"Blog"},"content":{"rendered":"<p>[et_pb_section fb_built=&#8221;1&#8243; admin_label=&#8221;section&#8221; _builder_version=&#8221;3.22&#8243; locked=&#8221;off&#8221;][et_pb_row admin_label=&#8221;row&#8221; _builder_version=&#8221;3.25&#8243; background_size=&#8221;initial&#8221; background_position=&#8221;top_left&#8221; background_repeat=&#8221;repeat&#8221;][et_pb_column type=&#8221;4_4&#8243; _builder_version=&#8221;3.25&#8243; custom_padding=&#8221;|||&#8221; custom_padding__hover=&#8221;|||&#8221;][et_pb_post_title meta=&#8221;off&#8221; featured_image=&#8221;off&#8221; _builder_version=&#8221;4.9.3&#8243; _module_preset=&#8221;default&#8221;][\/et_pb_post_title][et_pb_blog fullwidth=&#8221;off&#8221; show_author=&#8221;off&#8221; show_categories=&#8221;off&#8221; show_pagination=&#8221;off&#8221; _builder_version=&#8221;4.9.3&#8243; _module_preset=&#8221;default&#8221;][\/et_pb_blog][\/et_pb_column][\/et_pb_row][\/et_pb_section]<\/p>\n","protected":false},"excerpt":{"rendered":"<p>Microservices vs Monolith \u2013 Welches ist die beste L\u00f6sung? Unser Credo: Vern\u00fcnftige L\u00f6sungen jenseits von Technologie-Hype.<\/p>\n","protected":false},"author":1,"featured_media":0,"parent":0,"menu_order":0,"comment_status":"closed","ping_status":"closed","template":"","meta":{"_et_pb_use_builder":"on","_et_pb_old_content":"","_et_gb_content_width":"","footnotes":""},"class_list":["post-713","page","type-page","status-publish","hentry"],"yoast_head":"<!-- This site is optimized with the Yoast SEO plugin v26.3 - https:\/\/yoast.com\/wordpress\/plugins\/seo\/ -->\n<title>Software architekture - Microservices or Monolith<\/title>\n<meta name=\"description\" content=\"For many years we aim to enable companies to make the right IT decisions and to get software systems they sustainably benefit from and manage themselves in the long term.\" \/>\n<meta name=\"robots\" content=\"index, follow, max-snippet:-1, max-image-preview:large, max-video-preview:-1\" \/>\n<link rel=\"canonical\" href=\"https:\/\/voltage-it.com\/blog\/\" \/>\n<meta property=\"og:locale\" content=\"en_US\" \/>\n<meta property=\"og:type\" content=\"article\" \/>\n<meta property=\"og:title\" content=\"Software architekture - Microservices or Monolith\" \/>\n<meta property=\"og:description\" content=\"For many years we aim to enable companies to make the right IT decisions and to get software systems they sustainably benefit from and manage themselves in the long term.\" \/>\n<meta property=\"og:url\" content=\"https:\/\/voltage-it.com\/blog\/\" \/>\n<meta property=\"og:site_name\" content=\"voltage IT\" \/>\n<meta property=\"article:modified_time\" content=\"2021-04-13T16:25:15+00:00\" \/>\n<meta name=\"twitter:card\" content=\"summary_large_image\" \/>\n<meta name=\"twitter:label1\" content=\"Est. reading time\" \/>\n\t<meta name=\"twitter:data1\" content=\"1 minute\" \/>\n<script type=\"application\/ld+json\" class=\"yoast-schema-graph\">{\"@context\":\"https:\/\/schema.org\",\"@graph\":[{\"@type\":\"WebPage\",\"@id\":\"https:\/\/voltage-it.com\/blog\/\",\"url\":\"https:\/\/voltage-it.com\/blog\/\",\"name\":\"Software architekture - Microservices or Monolith\",\"isPartOf\":{\"@id\":\"https:\/\/voltage-it.com\/#website\"},\"datePublished\":\"2021-02-01T16:33:32+00:00\",\"dateModified\":\"2021-04-13T16:25:15+00:00\",\"description\":\"For many years we aim to enable companies to make the right IT decisions and to get software systems they sustainably benefit from and manage themselves in the long term.\",\"breadcrumb\":{\"@id\":\"https:\/\/voltage-it.com\/blog\/#breadcrumb\"},\"inLanguage\":\"en-US\",\"potentialAction\":[{\"@type\":\"ReadAction\",\"target\":[\"https:\/\/voltage-it.com\/blog\/\"]}]},{\"@type\":\"BreadcrumbList\",\"@id\":\"https:\/\/voltage-it.com\/blog\/#breadcrumb\",\"itemListElement\":[{\"@type\":\"ListItem\",\"position\":1,\"name\":\"Startseite\",\"item\":\"https:\/\/voltage-it.com\/\"},{\"@type\":\"ListItem\",\"position\":2,\"name\":\"Blog\"}]},{\"@type\":\"WebSite\",\"@id\":\"https:\/\/voltage-it.com\/#website\",\"url\":\"https:\/\/voltage-it.com\/\",\"name\":\"voltage IT\",\"description\":\"Mit agilem Softwareengineering  das Business gestalten.\",\"potentialAction\":[{\"@type\":\"SearchAction\",\"target\":{\"@type\":\"EntryPoint\",\"urlTemplate\":\"https:\/\/voltage-it.com\/?s={search_term_string}\"},\"query-input\":{\"@type\":\"PropertyValueSpecification\",\"valueRequired\":true,\"valueName\":\"search_term_string\"}}],\"inLanguage\":\"en-US\"}]}<\/script>\n<!-- \/ Yoast SEO plugin. -->","yoast_head_json":{"title":"Software architekture - Microservices or Monolith","description":"For many years we aim to enable companies to make the right IT decisions and to get software systems they sustainably benefit from and manage themselves in the long term.","robots":{"index":"index","follow":"follow","max-snippet":"max-snippet:-1","max-image-preview":"max-image-preview:large","max-video-preview":"max-video-preview:-1"},"canonical":"https:\/\/voltage-it.com\/blog\/","og_locale":"en_US","og_type":"article","og_title":"Software architekture - Microservices or Monolith","og_description":"For many years we aim to enable companies to make the right IT decisions and to get software systems they sustainably benefit from and manage themselves in the long term.","og_url":"https:\/\/voltage-it.com\/blog\/","og_site_name":"voltage IT","article_modified_time":"2021-04-13T16:25:15+00:00","twitter_card":"summary_large_image","twitter_misc":{"Est. reading time":"1 minute"},"schema":{"@context":"https:\/\/schema.org","@graph":[{"@type":"WebPage","@id":"https:\/\/voltage-it.com\/blog\/","url":"https:\/\/voltage-it.com\/blog\/","name":"Software architekture - Microservices or Monolith","isPartOf":{"@id":"https:\/\/voltage-it.com\/#website"},"datePublished":"2021-02-01T16:33:32+00:00","dateModified":"2021-04-13T16:25:15+00:00","description":"For many years we aim to enable companies to make the right IT decisions and to get software systems they sustainably benefit from and manage themselves in the long term.","breadcrumb":{"@id":"https:\/\/voltage-it.com\/blog\/#breadcrumb"},"inLanguage":"en-US","potentialAction":[{"@type":"ReadAction","target":["https:\/\/voltage-it.com\/blog\/"]}]},{"@type":"BreadcrumbList","@id":"https:\/\/voltage-it.com\/blog\/#breadcrumb","itemListElement":[{"@type":"ListItem","position":1,"name":"Startseite","item":"https:\/\/voltage-it.com\/"},{"@type":"ListItem","position":2,"name":"Blog"}]},{"@type":"WebSite","@id":"https:\/\/voltage-it.com\/#website","url":"https:\/\/voltage-it.com\/","name":"voltage IT","description":"Mit agilem Softwareengineering  das Business gestalten.","potentialAction":[{"@type":"SearchAction","target":{"@type":"EntryPoint","urlTemplate":"https:\/\/voltage-it.com\/?s={search_term_string}"},"query-input":{"@type":"PropertyValueSpecification","valueRequired":true,"valueName":"search_term_string"}}],"inLanguage":"en-US"}]}},"_links":{"self":[{"href":"https:\/\/voltage-it.com\/en\/wp-json\/wp\/v2\/pages\/713","targetHints":{"allow":["GET"]}}],"collection":[{"href":"https:\/\/voltage-it.com\/en\/wp-json\/wp\/v2\/pages"}],"about":[{"href":"https:\/\/voltage-it.com\/en\/wp-json\/wp\/v2\/types\/page"}],"author":[{"embeddable":true,"href":"https:\/\/voltage-it.com\/en\/wp-json\/wp\/v2\/users\/1"}],"replies":[{"embeddable":true,"href":"https:\/\/voltage-it.com\/en\/wp-json\/wp\/v2\/comments?post=713"}],"version-history":[{"count":3,"href":"https:\/\/voltage-it.com\/en\/wp-json\/wp\/v2\/pages\/713\/revisions"}],"predecessor-version":[{"id":1256,"href":"https:\/\/voltage-it.com\/en\/wp-json\/wp\/v2\/pages\/713\/revisions\/1256"}],"wp:attachment":[{"href":"https:\/\/voltage-it.com\/en\/wp-json\/wp\/v2\/media?parent=713"}],"curies":[{"name":"wp","href":"https:\/\/api.w.org\/{rel}","templated":true}]}}